{"id":748,"date":"2025-03-25T01:02:09","date_gmt":"2025-03-25T01:02:09","guid":{"rendered":"https:\/\/acke.website\/?page_id=748"},"modified":"2025-03-31T22:26:27","modified_gmt":"2025-03-31T22:26:27","slug":"finansije","status":"publish","type":"page","link":"https:\/\/acke.website\/en\/usluge\/finansije\/","title":{"rendered":"Finance"},"content":{"rendered":"\t\t<div data-elementor-type=\"wp-page\" data-elementor-id=\"748\" class=\"elementor elementor-748\" data-elementor-post-type=\"page\">\n\t\t\t\t<div class=\"elementor-element elementor-element-53c5fe1 e-con-full e-flex e-con e-parent\" data-id=\"53c5fe1\" data-element_type=\"container\">\n\t\t<div class=\"elementor-element elementor-element-eab80c4 e-con-full e-flex e-con e-child\" data-id=\"eab80c4\" data-element_type=\"container\" data-settings=\"{&quot;sticky&quot;:&quot;top&quot;,&quot;sticky_on&quot;:[&quot;desktop&quot;],&quot;sticky_effects_offset&quot;:10,&quot;sticky_parent&quot;:&quot;yes&quot;,&quot;sticky_offset&quot;:0,&quot;sticky_anchor_link_offset&quot;:0}\">\n\t\t<div class=\"elementor-element elementor-element-5e88c9c e-con-full e-flex e-con e-child\" data-id=\"5e88c9c\" data-element_type=\"container\">\n\t\t\t\t<div class=\"elementor-element elementor-element-9478964 elementor-widget elementor-widget-heading\" data-id=\"9478964\" data-element_type=\"widget\" data-widget_type=\"heading.default\">\n\t\t\t\t<div class=\"elementor-widget-container\">\n\t\t\t\t\t<h3 class=\"elementor-heading-title elementor-size-default\">Na\u0161e Usluge<\/h3>\t\t\t\t<\/div>\n\t\t\t\t<\/div>\n\t\t\t\t<div class=\"elementor-element elementor-element-e1e9f25 elementor-icon-list--layout-traditional elementor-list-item-link-full_width elementor-widget elementor-widget-icon-list\" data-id=\"e1e9f25\" data-element_type=\"widget\" data-widget_type=\"icon-list.default\">\n\t\t\t\t<div class=\"elementor-widget-container\">\n\t\t\t\t\t\t\t<ul class=\"elementor-icon-list-items\">\n\t\t\t\t\t\t\t<li class=\"elementor-icon-list-item\">\n\t\t\t\t\t\t\t\t\t\t\t<a href=\"https:\/\/acke.website\/usluge\/izrada-web-stranica\/\">\n\n\t\t\t\t\t\t\t\t\t\t\t<span class=\"elementor-icon-list-text\">Izrada Web Stranica<\/span>\n\t\t\t\t\t\t\t\t\t\t\t<\/a>\n\t\t\t\t\t\t\t\t\t<\/li>\n\t\t\t\t\t\t\t\t<li class=\"elementor-icon-list-item\">\n\t\t\t\t\t\t\t\t\t\t\t<a href=\"https:\/\/acke.website\/usluge\/izrada-web-prodavnica-web-shop\/\">\n\n\t\t\t\t\t\t\t\t\t\t\t<span class=\"elementor-icon-list-text\">Izrada Web Prodavnica<\/span>\n\t\t\t\t\t\t\t\t\t\t\t<\/a>\n\t\t\t\t\t\t\t\t\t<\/li>\n\t\t\t\t\t\t\t\t<li class=\"elementor-icon-list-item\">\n\t\t\t\t\t\t\t\t\t\t\t<a href=\"https:\/\/acke.website\/usluge\/graficki-dizajn\/\">\n\n\t\t\t\t\t\t\t\t\t\t\t<span class=\"elementor-icon-list-text\">Grafi\u010dki dizajn<\/span>\n\t\t\t\t\t\t\t\t\t\t\t<\/a>\n\t\t\t\t\t\t\t\t\t<\/li>\n\t\t\t\t\t\t\t\t<li class=\"elementor-icon-list-item\">\n\t\t\t\t\t\t\t\t\t\t\t<a href=\"https:\/\/acke.website\/usluge\/marketing-seo\/\">\n\n\t\t\t\t\t\t\t\t\t\t\t<span class=\"elementor-icon-list-text\">Marketing &amp; SEO<\/span>\n\t\t\t\t\t\t\t\t\t\t\t<\/a>\n\t\t\t\t\t\t\t\t\t<\/li>\n\t\t\t\t\t\t\t\t<li class=\"elementor-icon-list-item\">\n\t\t\t\t\t\t\t\t\t\t\t<a href=\"https:\/\/acke.website\/usluge\/outdoor-marketing\/\">\n\n\t\t\t\t\t\t\t\t\t\t\t<span class=\"elementor-icon-list-text\">Outdoor Marketing <\/span>\n\t\t\t\t\t\t\t\t\t\t\t<\/a>\n\t\t\t\t\t\t\t\t\t<\/li>\n\t\t\t\t\t\t\t\t<li class=\"elementor-icon-list-item\">\n\t\t\t\t\t\t\t\t\t\t\t<a href=\"https:\/\/acke.website\/usluge\/video-produkcija\/\">\n\n\t\t\t\t\t\t\t\t\t\t\t<span class=\"elementor-icon-list-text\">Video Produkcija<\/span>\n\t\t\t\t\t\t\t\t\t\t\t<\/a>\n\t\t\t\t\t\t\t\t\t<\/li>\n\t\t\t\t\t\t\t\t<li class=\"elementor-icon-list-item\">\n\t\t\t\t\t\t\t\t\t\t\t<a href=\"https:\/\/acke.website\/usluge\/odrzavanje\/\">\n\n\t\t\t\t\t\t\t\t\t\t\t<span class=\"elementor-icon-list-text\">Odr\u017eavanje<\/span>\n\t\t\t\t\t\t\t\t\t\t\t<\/a>\n\t\t\t\t\t\t\t\t\t<\/li>\n\t\t\t\t\t\t\t\t<li class=\"elementor-icon-list-item\">\n\t\t\t\t\t\t\t\t\t\t\t<a href=\"https:\/\/acke.website\/usluge\/online-placanje\/\">\n\n\t\t\t\t\t\t\t\t\t\t\t<span class=\"elementor-icon-list-text\">Online Pla\u0107anje<\/span>\n\t\t\t\t\t\t\t\t\t\t\t<\/a>\n\t\t\t\t\t\t\t\t\t<\/li>\n\t\t\t\t\t\t\t\t<li class=\"elementor-icon-list-item\">\n\t\t\t\t\t\t\t\t\t\t\t<a href=\"https:\/\/acke.website\/usluge\/finansije\/\">\n\n\t\t\t\t\t\t\t\t\t\t\t<span class=\"elementor-icon-list-text\">Finansije<\/span>\n\t\t\t\t\t\t\t\t\t\t\t<\/a>\n\t\t\t\t\t\t\t\t\t<\/li>\n\t\t\t\t\t\t<\/ul>\n\t\t\t\t\t\t<\/div>\n\t\t\t\t<\/div>\n\t\t\t\t<\/div>\n\t\t<div class=\"elementor-element elementor-element-4ea2587 e-con-full e-flex e-con e-child\" data-id=\"4ea2587\" data-element_type=\"container\" data-settings=\"{&quot;background_background&quot;:&quot;classic&quot;}\">\n\t\t\t\t<div class=\"elementor-element elementor-element-29791d0 elementor-widget elementor-widget-heading\" data-id=\"29791d0\" data-element_type=\"widget\" data-widget_type=\"heading.default\">\n\t\t\t\t<div class=\"elementor-widget-container\">\n\t\t\t\t\t<h2 class=\"elementor-heading-title elementor-size-default\">\u017delite zapo\u010deti novi <br>projekat ? <\/h2>\t\t\t\t<\/div>\n\t\t\t\t<\/div>\n\t\t\t\t<div class=\"elementor-element elementor-element-400d944 elementor-widget elementor-widget-text-editor\" data-id=\"400d944\" data-element_type=\"widget\" data-widget_type=\"text-editor.default\">\n\t\t\t\t<div class=\"elementor-widget-container\">\n\t\t\t\t\t\t\t\t\t<p>Besplatne konsultacije svakim<br \/>danom od 09.00h &#8211; 17:00h<\/p>\t\t\t\t\t\t\t\t<\/div>\n\t\t\t\t<\/div>\n\t\t\t\t<div class=\"elementor-element elementor-element-cfe0b74 elementor-icon-list--layout-traditional elementor-list-item-link-full_width elementor-widget elementor-widget-icon-list\" data-id=\"cfe0b74\" data-element_type=\"widget\" data-widget_type=\"icon-list.default\">\n\t\t\t\t<div class=\"elementor-widget-container\">\n\t\t\t\t\t\t\t<ul class=\"elementor-icon-list-items\">\n\t\t\t\t\t\t\t<li class=\"elementor-icon-list-item\">\n\t\t\t\t\t\t\t\t\t\t\t<a href=\"tel:+387603353552\">\n\n\t\t\t\t\t\t\t\t\t\t\t\t<span class=\"elementor-icon-list-icon\">\n\t\t\t\t\t\t\t<svg xmlns=\"http:\/\/www.w3.org\/2000\/svg\" xmlns:xlink=\"http:\/\/www.w3.org\/1999\/xlink\" width=\"512\" height=\"512\" x=\"0\" y=\"0\" viewBox=\"0 0 322 322\" style=\"enable-background:new 0 0 512 512\" xml:space=\"preserve\" class=\"\"><g><path d=\"M275.445 135.123c.387-45.398-38.279-87.016-86.192-92.771-.953-.113-1.991-.285-3.09-.467-2.372-.393-4.825-.797-7.3-.797-9.82 0-12.445 6.898-13.136 11.012-.672 4-.031 7.359 1.902 9.988 3.252 4.422 8.974 5.207 13.57 5.836 1.347.186 2.618.359 3.682.598 43.048 9.619 57.543 24.742 64.627 67.424.173 1.043.251 2.328.334 3.691.309 5.102.953 15.717 12.365 15.717h.001c.95 0 1.971-.082 3.034-.244 10.627-1.615 10.294-11.318 10.134-15.98-.045-1.313-.088-2.555.023-3.381.03-.208.045-.417.046-.626z\" fill=\"#23a455\" opacity=\"1\" data-original=\"#000000\" class=\"\"><\/path><path d=\"M176.077 25.688c1.275.092 2.482.18 3.487.334 70.689 10.871 103.198 44.363 112.207 115.605.153 1.211.177 2.688.202 4.252.09 5.566.275 17.145 12.71 17.385l.386.004c3.9 0 7.002-1.176 9.221-3.498 3.871-4.049 3.601-10.064 3.383-14.898-.053-1.186-.104-2.303-.091-3.281.899-72.862-62.171-138.933-134.968-141.39-.302-.01-.59.006-.881.047a6.09 6.09 0 0 1-.862.047c-.726 0-1.619-.063-2.566-.127C177.16.09 175.862 0 174.546 0c-11.593 0-13.797 8.24-14.079 13.152-.65 11.352 10.332 12.151 15.61 12.536zM288.36 233.703a224.924 224.924 0 0 1-4.512-3.508c-7.718-6.211-15.929-11.936-23.87-17.473a1800.92 1800.92 0 0 1-4.938-3.449c-10.172-7.145-19.317-10.617-27.957-10.617-11.637 0-21.783 6.43-30.157 19.109-3.71 5.621-8.211 8.354-13.758 8.354-3.28 0-7.007-.936-11.076-2.783-32.833-14.889-56.278-37.717-69.685-67.85-6.481-14.564-4.38-24.084 7.026-31.832 6.477-4.396 18.533-12.58 17.679-28.252-.967-17.797-40.235-71.346-56.78-77.428-7.005-2.576-14.365-2.6-21.915-.06-19.02 6.394-32.669 17.623-39.475 32.471-6.577 14.347-6.28 31.193.859 48.717 20.638 50.666 49.654 94.84 86.245 131.293 35.816 35.684 79.837 64.914 130.839 86.875 4.597 1.978 9.419 3.057 12.94 3.844 1.2.27 2.236.5 2.991.707.415.113.843.174 1.272.178l.403.002h.002c23.988 0 52.791-21.92 61.637-46.91 7.75-21.882-6.4-32.698-17.77-41.388zM186.687 83.564c-4.107.104-12.654.316-15.653 9.021-1.403 4.068-1.235 7.6.5 10.498 2.546 4.252 7.424 5.555 11.861 6.27 16.091 2.582 24.355 11.48 26.008 28 .768 7.703 5.955 13.082 12.615 13.082h.001c.492 0 .995-.029 1.496-.09 8.01-.953 11.893-6.838 11.542-17.49.128-11.117-5.69-23.738-15.585-33.791-9.929-10.084-21.898-15.763-32.785-15.5z\" fill=\"#23a455\" opacity=\"1\" data-original=\"#000000\" class=\"\"><\/path><\/g><\/svg>\t\t\t\t\t\t<\/span>\n\t\t\t\t\t\t\t\t\t\t<span class=\"elementor-icon-list-text\">+387 60 33 53 552<\/span>\n\t\t\t\t\t\t\t\t\t\t\t<\/a>\n\t\t\t\t\t\t\t\t\t<\/li>\n\t\t\t\t\t\t\t\t<li class=\"elementor-icon-list-item\">\n\t\t\t\t\t\t\t\t\t\t\t<span class=\"elementor-icon-list-icon\">\n\t\t\t\t\t\t\t<svg aria-hidden=\"true\" class=\"e-font-icon-svg e-far-envelope\" viewBox=\"0 0 512 512\" xmlns=\"http:\/\/www.w3.org\/2000\/svg\"><path d=\"M464 64H48C21.49 64 0 85.49 0 112v288c0 26.51 21.49 48 48 48h416c26.51 0 48-21.49 48-48V112c0-26.51-21.49-48-48-48zm0 48v40.805c-22.422 18.259-58.168 46.651-134.587 106.49-16.841 13.247-50.201 45.072-73.413 44.701-23.208.375-56.579-31.459-73.413-44.701C106.18 199.465 70.425 171.067 48 152.805V112h416zM48 400V214.398c22.914 18.251 55.409 43.862 104.938 82.646 21.857 17.205 60.134 55.186 103.062 54.955 42.717.231 80.509-37.199 103.053-54.947 49.528-38.783 82.032-64.401 104.947-82.653V400H48z\"><\/path><\/svg>\t\t\t\t\t\t<\/span>\n\t\t\t\t\t\t\t\t\t\t<span class=\"elementor-icon-list-text\">contact@acke.website<\/span>\n\t\t\t\t\t\t\t\t\t<\/li>\n\t\t\t\t\t\t<\/ul>\n\t\t\t\t\t\t<\/div>\n\t\t\t\t<\/div>\n\t\t\t\t<\/div>\n\t\t\t\t<\/div>\n\t\t<div class=\"elementor-element elementor-element-5a50aba e-con-full e-flex e-con e-child\" data-id=\"5a50aba\" data-element_type=\"container\">\n\t\t<div class=\"elementor-element elementor-element-c2e3cca e-con-full e-flex e-con e-child\" data-id=\"c2e3cca\" data-element_type=\"container\" data-settings=\"{&quot;background_background&quot;:&quot;classic&quot;}\">\n\t\t\t\t<\/div>\n\t\t<div class=\"elementor-element elementor-element-8f639c2 e-con-full e-flex e-con e-child\" data-id=\"8f639c2\" data-element_type=\"container\">\n\t\t\t\t<div class=\"elementor-element elementor-element-0034b09 elementor-widget elementor-widget-heading\" data-id=\"0034b09\" data-element_type=\"widget\" data-widget_type=\"heading.default\">\n\t\t\t\t<div class=\"elementor-widget-container\">\n\t\t\t\t\t<h2 class=\"elementor-heading-title elementor-size-default\">Finansije<\/h2>\t\t\t\t<\/div>\n\t\t\t\t<\/div>\n\t\t\t\t<div class=\"elementor-element elementor-element-3a3f8b6 elementor-widget elementor-widget-text-editor\" data-id=\"3a3f8b6\" data-element_type=\"widget\" data-widget_type=\"text-editor.default\">\n\t\t\t\t<div class=\"elementor-widget-container\">\n\t\t\t\t\t\t\t\t\t<p>Pru\u017eamo napredne financijske usluge prilago\u0111ene zahtjevima tr\u017ei\u0161ta EU i SAD, u strate\u0161kom partnerstvu s kompanijom NewData.<\/p>\t\t\t\t\t\t\t\t<\/div>\n\t\t\t\t<\/div>\n\t\t\t\t<div class=\"elementor-element elementor-element-e378cfb elementor-widget elementor-widget-text-editor\" data-id=\"e378cfb\" data-element_type=\"widget\" data-widget_type=\"text-editor.default\">\n\t\t\t\t<div class=\"elementor-widget-container\">\n\t\t\t\t\t\t\t\t\t<p>Na\u0161 ra\u010dunovodstveni tim, zajedno sa <strong data-start=\"2208\" data-end=\"2219\">NewData<\/strong>, osigurava ta\u010dne finansijske izvje\u0161taje, poresko savjetovanje i optimizaciju poslovanja za klijente u Evropi i Sjedinjenim Ameri\u010dkim Dr\u017eavama.<\/p>\t\t\t\t\t\t\t\t<\/div>\n\t\t\t\t<\/div>\n\t\t\t\t<div class=\"elementor-element elementor-element-f2a6285 elementor-widget-divider--view-line elementor-widget elementor-widget-divider\" data-id=\"f2a6285\" data-element_type=\"widget\" data-widget_type=\"divider.default\">\n\t\t\t\t<div class=\"elementor-widget-container\">\n\t\t\t\t\t\t\t<div class=\"elementor-divider\">\n\t\t\t<span class=\"elementor-divider-separator\">\n\t\t\t\t\t\t<\/span>\n\t\t<\/div>\n\t\t\t\t\t\t<\/div>\n\t\t\t\t<\/div>\n\t\t\t\t<\/div>\n\t\t<div class=\"elementor-element elementor-element-7ed9ced e-con-full e-flex e-con e-child\" data-id=\"7ed9ced\" data-element_type=\"container\">\n\t\t\t\t<div class=\"elementor-element elementor-element-fe2312e elementor-widget elementor-widget-heading\" data-id=\"fe2312e\" data-element_type=\"widget\" data-widget_type=\"heading.default\">\n\t\t\t\t<div class=\"elementor-widget-container\">\n\t\t\t\t\t<h2 class=\"elementor-heading-title elementor-size-default\">Dodatne usluge <\/h2>\t\t\t\t<\/div>\n\t\t\t\t<\/div>\n\t\t\t\t<div class=\"elementor-element elementor-element-4e41739 elementor-widget elementor-widget-text-editor\" data-id=\"4e41739\" data-element_type=\"widget\" data-widget_type=\"text-editor.default\">\n\t\t\t\t<div class=\"elementor-widget-container\">\n\t\t\t\t\t\t\t\t\t<p>\ud83d\udcd8 Knjigovodstvo i finansijsko izvje\u0161tavanje<\/p><p>\ud83d\udcb0 Poresko savjetovanje i optimizacija<\/p><p>\ud83c\udfe2 Vo\u0111enje poslovnih knjiga<\/p><p>\ud83d\udcca Izrada godi\u0161njih bilansa i analiza<\/p><p>\ud83d\udccc Digitalizacija ra\u010dunovodstvenih procesa<\/p><p>\ud83c\udf0d Ra\u010dunovodstvo za EU i USA tr\u017ei\u0161te (NewData)<\/p>\t\t\t\t\t\t\t\t<\/div>\n\t\t\t\t<\/div>\n\t\t\t\t<div class=\"elementor-element elementor-element-98579c5 elementor-widget-divider--view-line elementor-widget elementor-widget-divider\" data-id=\"98579c5\" data-element_type=\"widget\" data-widget_type=\"divider.default\">\n\t\t\t\t<div class=\"elementor-widget-container\">\n\t\t\t\t\t\t\t<div class=\"elementor-divider\">\n\t\t\t<span class=\"elementor-divider-separator\">\n\t\t\t\t\t\t<\/span>\n\t\t<\/div>\n\t\t\t\t\t\t<\/div>\n\t\t\t\t<\/div>\n\t\t\t\t<\/div>\n\t\t<div class=\"elementor-element elementor-element-1d42459 e-con-full e-flex e-con e-child\" data-id=\"1d42459\" data-element_type=\"container\">\n\t\t\t\t<div class=\"elementor-element elementor-element-2ccaa55 elementor-widget elementor-widget-heading\" data-id=\"2ccaa55\" data-element_type=\"widget\" data-widget_type=\"heading.default\">\n\t\t\t\t<div class=\"elementor-widget-container\">\n\t\t\t\t\t<h2 class=\"elementor-heading-title elementor-size-default\">Za\u0161to izabrati nas ?<\/h2>\t\t\t\t<\/div>\n\t\t\t\t<\/div>\n\t\t\t\t<div class=\"elementor-element elementor-element-9db4515 elementor-widget elementor-widget-text-editor\" data-id=\"9db4515\" data-element_type=\"widget\" data-widget_type=\"text-editor.default\">\n\t\t\t\t<div class=\"elementor-widget-container\">\n\t\t\t\t\t\t\t\t\t<p>Na\u0161a ra\u010dunovodstvena rje\u0161enja su <strong data-start=\"2745\" data-end=\"2781\">u skladu s EU i USA regulativama<\/strong>, omogu\u0107avaju\u0107i poslovima da <strong data-start=\"2810\" data-end=\"2877\">optimizuju tro\u0161kove i ostanu u potpunosti uskla\u0111eni sa zakonima<\/strong>. Kori\u0161tenjem <strong data-start=\"2891\" data-end=\"2930\">digitalizacije i napredne analitike<\/strong>, osiguravamo brze i ta\u010dne finansijske izvje\u0161taje.<\/p>\t\t\t\t\t\t\t\t<\/div>\n\t\t\t\t<\/div>\n\t\t\t\t<div class=\"elementor-element elementor-element-37e9950 elementor-widget-divider--view-line elementor-widget elementor-widget-divider\" data-id=\"37e9950\" data-element_type=\"widget\" data-widget_type=\"divider.default\">\n\t\t\t\t<div class=\"elementor-widget-container\">\n\t\t\t\t\t\t\t<div class=\"elementor-divider\">\n\t\t\t<span class=\"elementor-divider-separator\">\n\t\t\t\t\t\t<\/span>\n\t\t<\/div>\n\t\t\t\t\t\t<\/div>\n\t\t\t\t<\/div>\n\t\t\t\t<\/div>\n\t\t<div class=\"elementor-element elementor-element-eb7b6e8 e-con-full e-flex e-con e-child\" data-id=\"eb7b6e8\" data-element_type=\"container\">\n\t\t\t\t<div class=\"elementor-element elementor-element-6145817 elementor-widget elementor-widget-heading\" data-id=\"6145817\" data-element_type=\"widget\" data-widget_type=\"heading.default\">\n\t\t\t\t<div class=\"elementor-widget-container\">\n\t\t\t\t\t<h2 class=\"elementor-heading-title elementor-size-default\">FAQ - \u010cesta pitanja<\/h2>\t\t\t\t<\/div>\n\t\t\t\t<\/div>\n\t\t\t\t<div class=\"elementor-element elementor-element-87b64e1 elementor-widget elementor-widget-n-accordion\" data-id=\"87b64e1\" data-element_type=\"widget\" data-settings=\"{&quot;default_state&quot;:&quot;expanded&quot;,&quot;max_items_expended&quot;:&quot;one&quot;,&quot;n_accordion_animation_duration&quot;:{&quot;unit&quot;:&quot;ms&quot;,&quot;size&quot;:400,&quot;sizes&quot;:[]}}\" data-widget_type=\"nested-accordion.default\">\n\t\t\t\t<div class=\"elementor-widget-container\">\n\t\t\t\t\t\t\t<div class=\"e-n-accordion\" aria-label=\"Accordion. Open links with Enter or Space, close with Escape, and navigate with Arrow Keys\">\n\t\t\t\t\t\t<details id=\"e-n-accordion-item-1420\" class=\"e-n-accordion-item\" open>\n\t\t\t\t<summary class=\"e-n-accordion-item-title\" data-accordion-index=\"1\" tabindex=\"0\" aria-expanded=\"true\" aria-controls=\"e-n-accordion-item-1420\" >\n\t\t\t\t\t<span class='e-n-accordion-item-title-header'><div class=\"e-n-accordion-item-title-text\"> 01. Da li radite ra\u010dunovodstvo za firme u USA? <\/div><\/span>\n\t\t\t\t\t\t\t<span class='e-n-accordion-item-title-icon'>\n\t\t\t<span class='e-opened' ><svg aria-hidden=\"true\" class=\"e-font-icon-svg e-fas-minus\" viewBox=\"0 0 448 512\" xmlns=\"http:\/\/www.w3.org\/2000\/svg\"><path d=\"M416 208H32c-17.67 0-32 14.33-32 32v32c0 17.67 14.33 32 32 32h384c17.67 0 32-14.33 32-32v-32c0-17.67-14.33-32-32-32z\"><\/path><\/svg><\/span>\n\t\t\t<span class='e-closed'><svg aria-hidden=\"true\" class=\"e-font-icon-svg e-fas-plus\" viewBox=\"0 0 448 512\" xmlns=\"http:\/\/www.w3.org\/2000\/svg\"><path d=\"M416 208H272V64c0-17.67-14.33-32-32-32h-32c-17.67 0-32 14.33-32 32v144H32c-17.67 0-32 14.33-32 32v32c0 17.67 14.33 32 32 32h144v144c0 17.67 14.33 32 32 32h32c17.67 0 32-14.33 32-32V304h144c17.67 0 32-14.33 32-32v-32c0-17.67-14.33-32-32-32z\"><\/path><\/svg><\/span>\n\t\t<\/span>\n\n\t\t\t\t\t\t<\/summary>\n\t\t\t\t<div role=\"region\" aria-labelledby=\"e-n-accordion-item-1420\" class=\"elementor-element elementor-element-3bde8bb e-con-full e-flex e-con e-child\" data-id=\"3bde8bb\" data-element_type=\"container\">\n\t\t\t\t<div class=\"elementor-element elementor-element-079cff7 elementor-widget elementor-widget-text-editor\" data-id=\"079cff7\" data-element_type=\"widget\" data-widget_type=\"text-editor.default\">\n\t\t\t\t<div class=\"elementor-widget-container\">\n\t\t\t\t\t\t\t\t\t<p>Da, u saradnji s <strong data-start=\"3089\" data-end=\"3100\">NewData<\/strong> nudimo ra\u010dunovodstvene usluge uskla\u0111ene sa IRS i drugim ameri\u010dkim regulativama.<\/p>\t\t\t\t\t\t\t\t<\/div>\n\t\t\t\t<\/div>\n\t\t\t\t<\/div>\n\t\t\t\t\t<\/details>\n\t\t\t\t\t\t<details id=\"e-n-accordion-item-1421\" class=\"e-n-accordion-item\" >\n\t\t\t\t<summary class=\"e-n-accordion-item-title\" data-accordion-index=\"2\" tabindex=\"-1\" aria-expanded=\"false\" aria-controls=\"e-n-accordion-item-1421\" >\n\t\t\t\t\t<span class='e-n-accordion-item-title-header'><div class=\"e-n-accordion-item-title-text\"> 02. Kako mogu optimizirati poreze na EU tr\u017ei\u0161tu? <\/div><\/span>\n\t\t\t\t\t\t\t<span class='e-n-accordion-item-title-icon'>\n\t\t\t<span class='e-opened' ><svg aria-hidden=\"true\" class=\"e-font-icon-svg e-fas-minus\" viewBox=\"0 0 448 512\" xmlns=\"http:\/\/www.w3.org\/2000\/svg\"><path d=\"M416 208H32c-17.67 0-32 14.33-32 32v32c0 17.67 14.33 32 32 32h384c17.67 0 32-14.33 32-32v-32c0-17.67-14.33-32-32-32z\"><\/path><\/svg><\/span>\n\t\t\t<span class='e-closed'><svg aria-hidden=\"true\" class=\"e-font-icon-svg e-fas-plus\" viewBox=\"0 0 448 512\" xmlns=\"http:\/\/www.w3.org\/2000\/svg\"><path d=\"M416 208H272V64c0-17.67-14.33-32-32-32h-32c-17.67 0-32 14.33-32 32v144H32c-17.67 0-32 14.33-32 32v32c0 17.67 14.33 32 32 32h144v144c0 17.67 14.33 32 32 32h32c17.67 0 32-14.33 32-32V304h144c17.67 0 32-14.33 32-32v-32c0-17.67-14.33-32-32-32z\"><\/path><\/svg><\/span>\n\t\t<\/span>\n\n\t\t\t\t\t\t<\/summary>\n\t\t\t\t<div role=\"region\" aria-labelledby=\"e-n-accordion-item-1421\" class=\"elementor-element elementor-element-a6f6dd3 e-con-full e-flex e-con e-child\" data-id=\"a6f6dd3\" data-element_type=\"container\">\n\t\t\t\t<div class=\"elementor-element elementor-element-4799cdc elementor-widget elementor-widget-text-editor\" data-id=\"4799cdc\" data-element_type=\"widget\" data-widget_type=\"text-editor.default\">\n\t\t\t\t<div class=\"elementor-widget-container\">\n\t\t\t\t\t\t\t\t\t<p>Nudimo poresko savjetovanje kako biste maksimalno iskoristili pravne benefite i smanjili porezne obaveze.<\/p>\t\t\t\t\t\t\t\t<\/div>\n\t\t\t\t<\/div>\n\t\t\t\t<\/div>\n\t\t\t\t\t<\/details>\n\t\t\t\t\t\t<details id=\"e-n-accordion-item-1422\" class=\"e-n-accordion-item\" >\n\t\t\t\t<summary class=\"e-n-accordion-item-title\" data-accordion-index=\"3\" tabindex=\"-1\" aria-expanded=\"false\" aria-controls=\"e-n-accordion-item-1422\" >\n\t\t\t\t\t<span class='e-n-accordion-item-title-header'><div class=\"e-n-accordion-item-title-text\"> 03. Da li mogu koristiti digitalizovano ra\u010dunovodstvo? <\/div><\/span>\n\t\t\t\t\t\t\t<span class='e-n-accordion-item-title-icon'>\n\t\t\t<span class='e-opened' ><svg aria-hidden=\"true\" class=\"e-font-icon-svg e-fas-minus\" viewBox=\"0 0 448 512\" xmlns=\"http:\/\/www.w3.org\/2000\/svg\"><path d=\"M416 208H32c-17.67 0-32 14.33-32 32v32c0 17.67 14.33 32 32 32h384c17.67 0 32-14.33 32-32v-32c0-17.67-14.33-32-32-32z\"><\/path><\/svg><\/span>\n\t\t\t<span class='e-closed'><svg aria-hidden=\"true\" class=\"e-font-icon-svg e-fas-plus\" viewBox=\"0 0 448 512\" xmlns=\"http:\/\/www.w3.org\/2000\/svg\"><path d=\"M416 208H272V64c0-17.67-14.33-32-32-32h-32c-17.67 0-32 14.33-32 32v144H32c-17.67 0-32 14.33-32 32v32c0 17.67 14.33 32 32 32h144v144c0 17.67 14.33 32 32 32h32c17.67 0 32-14.33 32-32V304h144c17.67 0 32-14.33 32-32v-32c0-17.67-14.33-32-32-32z\"><\/path><\/svg><\/span>\n\t\t<\/span>\n\n\t\t\t\t\t\t<\/summary>\n\t\t\t\t<div role=\"region\" aria-labelledby=\"e-n-accordion-item-1422\" class=\"elementor-element elementor-element-ac21469 e-con-full e-flex e-con e-child\" data-id=\"ac21469\" data-element_type=\"container\">\n\t\t\t\t<div class=\"elementor-element elementor-element-384267a elementor-widget elementor-widget-text-editor\" data-id=\"384267a\" data-element_type=\"widget\" data-widget_type=\"text-editor.default\">\n\t\t\t\t<div class=\"elementor-widget-container\">\n\t\t\t\t\t\t\t\t\t<p data-start=\"3349\" data-end=\"3544\">Da, koristimo moderne digitalne alate za ra\u010dunovodstvo, omogu\u0107avaju\u0107i online pristup va\u0161im finansijskim podacima u realnom vremenu.<\/p>\t\t\t\t\t\t\t\t<\/div>\n\t\t\t\t<\/div>\n\t\t\t\t<\/div>\n\t\t\t\t\t<\/details>\n\t\t\t\t\t<\/div>\n\t\t\t\t\t\t<\/div>\n\t\t\t\t<\/div>\n\t\t\t\t<\/div>\n\t\t\t\t<\/div>\n\t\t\t\t<\/div>\n\t\t\t\t<\/div>\n\t\t","protected":false},"excerpt":{"rendered":"<p>Na\u0161e Usluge Izrada Web Stranica Izrada Web Prodavnica Grafi\u010dki dizajn Marketing &amp; SEO Outdoor Marketing Video Produkcija Odr\u017eavanje Online Pla\u0107anje Finansije \u017delite zapo\u010deti novi projekat ? Besplatne konsultacije svakim danom od 09.00h &#8211; 17:00h +387 60 33 53 552 contact@acke.website Pru\u017eamo napredne financijske usluge prilago\u0111ene zahtjevima tr\u017ei\u0161ta EU i SAD, u strate\u0161kom partnerstvu s kompanijom [&hellip;]<\/p>\n","protected":false},"author":3,"featured_media":745,"parent":58,"menu_order":9,"comment_status":"closed","ping_status":"closed","template":"elementor_header_footer","meta":{"_acf_changed":false,"footnotes":""},"class_list":["post-748","page","type-page","status-publish","has-post-thumbnail","hentry"],"acf":[],"_links":{"self":[{"href":"https:\/\/acke.website\/en\/wp-json\/wp\/v2\/pages\/748","targetHints":{"allow":["GET"]}}],"collection":[{"href":"https:\/\/acke.website\/en\/wp-json\/wp\/v2\/pages"}],"about":[{"href":"https:\/\/acke.website\/en\/wp-json\/wp\/v2\/types\/page"}],"author":[{"embeddable":true,"href":"https:\/\/acke.website\/en\/wp-json\/wp\/v2\/users\/3"}],"replies":[{"embeddable":true,"href":"https:\/\/acke.website\/en\/wp-json\/wp\/v2\/comments?post=748"}],"version-history":[{"count":0,"href":"https:\/\/acke.website\/en\/wp-json\/wp\/v2\/pages\/748\/revisions"}],"up":[{"embeddable":true,"href":"https:\/\/acke.website\/en\/wp-json\/wp\/v2\/pages\/58"}],"wp:featuredmedia":[{"embeddable":true,"href":"https:\/\/acke.website\/en\/wp-json\/wp\/v2\/media\/745"}],"wp:attachment":[{"href":"https:\/\/acke.website\/en\/wp-json\/wp\/v2\/media?parent=748"}],"curies":[{"name":"wp","href":"https:\/\/api.w.org\/{rel}","templated":true}]}}